{"id":46,"date":"2018-09-29T18:19:16","date_gmt":"2018-09-29T18:19:16","guid":{"rendered":"http:\/\/hethuisartsenhuys.be\/?page_id=46"},"modified":"2023-09-20T08:17:30","modified_gmt":"2023-09-20T07:17:30","slug":"visie","status":"publish","type":"page","link":"https:\/\/hethuisartsenhuys.be\/index.php\/visie\/","title":{"rendered":"Visie"},"content":{"rendered":"<p style=\"font-weight: 400;\"><b>De huisarts:<\/b><\/p>\n<p style=\"font-weight: 400;\">De huisarts is allround : hij (m\/v\/x) behandelt een grote verscheidenheid aan gezondheidsproblemen, richt zich tot alle leeftijden, met respect voor ieders waarden, normen en ideologie\u00ebn. Hij doet dit in een open dialoog met de pati\u00ebnt.<\/p>\n<p style=\"font-weight: 400;\">De huisarts bekijkt en onderzoekt de volledige mens achter de pati\u00ebnt en houdt rekening met zijn medisch, sociaal en psychisch functioneren.<\/p>\n<p style=\"font-weight: 400;\">De huisarts kijkt verder dan een ziek orgaan, en kan het geheel van minder functionering sneller opmerken doordat hij de levens- en familiesfeer van zijn pati\u00ebnt kent.<\/p>\n<p style=\"font-weight: 400;\">De huisarts en de pati\u00ebnt werken samen aan het welzijn van de pati\u00ebnt.<\/p>\n<p style=\"font-weight: 400;\">De huisarts is een familiedokter.<\/p>\n<p style=\"font-weight: 400;\">De huisarts werkt zoveel mogelijk volgens de wetenschappelijke standaarden. Hij schoolt zich regelmatig bij.<\/p>\n<p style=\"font-weight: 400;\">Ondanks de ontwikkeling naar een hoogtechnologische geneeskunde, blijft de rol van de huisarts meer dan ooit nodig. Een goed contact, een goed gesprek, een basisonderzoek, &#8230;<\/p>\n<p style=\"font-weight: 400;\">De huisarts volgt het medisch traject van de pati\u00ebnt bij eventuele doorverwijzing naar een specialist.<\/p>\n<p style=\"font-weight: 400;\">De huisarts speelt een centrale rol in de gezondheidszorg.<\/p>\n<p style=\"font-weight: 400;\">De huisarts houdt zich niet alleen bezig met diagnose en behandeling van medische aandoeningen, maar ook met preventie. Voorkomen is beter dan genezen!<\/p>\n<p style=\"font-weight: 400;\">Preventie is de hoeksteen van een gezond leven.<\/p>\n<p style=\"font-weight: 400;\">U kunt bij de huisarts terecht voor alle medische problemen, zoals:<\/p>\n<p style=\"font-weight: 400;\">Algemene huisartsgeneeskunde (griep, verkoudheden, letsels, depressies, &#8230;)<\/p>\n<p style=\"font-weight: 400;\">Bijhouden en bespreken van medische dossiers<\/p>\n<p style=\"font-weight: 400;\">Goede zorgen voor jong \u00e9n oud: van pasgeborene tot hoogbejaarde<\/p>\n<p style=\"font-weight: 400;\">Algemene preventie (bloeddruk, cholesterol, diabetes, osteoporose, &#8230;)<\/p>\n<p style=\"font-weight: 400;\">Preventieve kankeronderzoeken (borst, baarmoederhals,\u2026)<\/p>\n<p style=\"font-weight: 400;\">Gezondheidsvoorlichting<\/p>\n<p style=\"font-weight: 400;\">Rookstopbegeleiding<\/p>\n<p style=\"font-weight: 400;\">Voedingsadvies<\/p>\n<p style=\"font-weight: 400;\">Reizigersadvies en -vaccinaties<\/p>\n<p style=\"font-weight: 400;\">Sport- en bewegingsadvies<\/p>\n<p style=\"font-weight: 400;\">Gezins- en levensvragen \u2013 begeleiding<\/p>\n<p style=\"font-weight: 400;\">Therapeutische gesprekken<\/p>\n<p style=\"font-weight: 400;\">Vaccinatie van baby tot volwassene (tetanus-, difterie- en kinkhoestvaccinatie: op voorraad zowel in Bocholt als Grote Brogel, de andere in Bocholt, tenzij anders afgesproken). Sommige vaccins dien je op voorhand bij de apotheek te halen.<\/p>\n<p style=\"font-weight: 400;\">Bloedafnames (eID-kaart, Kids-ID, Vreemdelingenkaart meebrengen)<\/p>\n<p style=\"font-weight: 400;\">Gynaecologie : pilcontrole en advies, uitstrijkje, zwangerschapscontrole, plaatsen van spiraaltjes<\/p>\n<p style=\"font-weight: 400;\">Acute geneeskunde<\/p>\n<p style=\"font-weight: 400;\">Snijwonden en kleine ongevallen<\/p>\n<p style=\"font-weight: 400;\">Wratten en huidletsels (wratjes bevriezen doen we alleen in Bocholt)<\/p>\n<p style=\"font-weight: 400;\">Pre-operatieve onderzoeken<\/p>\n<p style=\"font-weight: 400;\">Technische onderzoeken: ECG (elektrocardiogram), longfunctietesten, bloedvatonderzoek,&#8230;<\/p>\n<p style=\"font-weight: 400;\">Arbeidsongevallen, bijstand bij schadegevallen, bijstand bij afhandeling van letselschade<\/p>\n<p style=\"font-weight: 400;\">Begeleiding van chronische aandoeningen zoals bloeddruk, suikerziekte, allergie, obstipatie, longziekten,\u2026<\/p>\n<p style=\"font-weight: 400;\">Thuiszorg en inrichten thuisbegeleiding<\/p>\n<p style=\"font-weight: 400;\">Inrichten palliatieve thuiszorg<\/p>\n<p style=\"font-weight: 400;\">&#8230;<\/p>\n<p style=\"font-weight: 400;\">De huisarts werkt samen met de verpleegkundige, di\u00ebtist, kinesist, sociale diensten, apotheker, collega\u2019s huisartsen en specialisten,&#8230;<\/p>\n<p style=\"font-weight: 400;\"><b>De groepspraktijk:<\/b><\/p>\n<p style=\"font-weight: 400;\">We werken samen met meerdere huisartsen, in \u00e9\u00e9n groep. Zo kunnen we de kwaliteit van zorg verhogen: we werken met hetzelfde elektronisch medisch dossier, zorgen voor een betere beschikbaarheid, er is praktijkoverleg waarbij we pati\u00ebntenproblemen bespreken en onderlinge ervaringen uitwisselen. Door onze kennis samen te brengen proberen we je beter te helpen.<\/p>\n<p style=\"font-weight: 400;\">We kunnen de praktijkvoering beter organiseren.<\/p>\n<p style=\"font-weight: 400;\">Zo hebben we ook wat meer tijd voor gezin en sociaal leven.<\/p>\n<p style=\"font-weight: 400;\">Wat betekent dit voor jou? Je kiest voor je consult de arts die je wilt. Alle huisartsen staan tot je beschikking.<\/p>\n<p style=\"font-weight: 400;\">Het is onze overtuiging dat samenwerken nuttig is voor arts \u00e9n pati\u00ebnt.<\/p>\n","protected":false},"excerpt":{"rendered":"<p>De huisarts: De huisarts is allround : hij (m\/v\/x) behandelt een grote verscheidenheid aan gezondheidsproblemen, richt zich tot alle leeftijden, met respect voor ieders waarden, normen en ideologie\u00ebn. Hij doet dit in een open dialoog met de pati\u00ebnt. De huisarts bekijkt en onderzoekt de volledige mens achter de pati\u00ebnt en houdt rekening met zijn medisch, [&hellip;]<\/p>\n","protected":false},"author":1,"featured_media":39,"parent":0,"menu_order":0,"comment_status":"closed","ping_status":"closed","template":"","meta":{"footnotes":""},"class_list":["post-46","page","type-page","status-publish","has-post-thumbnail","hentry"],"_links":{"self":[{"href":"https:\/\/hethuisartsenhuys.be\/index.php\/wp-json\/wp\/v2\/pages\/46","targetHints":{"allow":["GET"]}}],"collection":[{"href":"https:\/\/hethuisartsenhuys.be\/index.php\/wp-json\/wp\/v2\/pages"}],"about":[{"href":"https:\/\/hethuisartsenhuys.be\/index.php\/wp-json\/wp\/v2\/types\/page"}],"author":[{"embeddable":true,"href":"https:\/\/hethuisartsenhuys.be\/index.php\/wp-json\/wp\/v2\/users\/1"}],"replies":[{"embeddable":true,"href":"https:\/\/hethuisartsenhuys.be\/index.php\/wp-json\/wp\/v2\/comments?post=46"}],"version-history":[{"count":7,"href":"https:\/\/hethuisartsenhuys.be\/index.php\/wp-json\/wp\/v2\/pages\/46\/revisions"}],"predecessor-version":[{"id":312,"href":"https:\/\/hethuisartsenhuys.be\/index.php\/wp-json\/wp\/v2\/pages\/46\/revisions\/312"}],"wp:featuredmedia":[{"embeddable":true,"href":"https:\/\/hethuisartsenhuys.be\/index.php\/wp-json\/wp\/v2\/media\/39"}],"wp:attachment":[{"href":"https:\/\/hethuisartsenhuys.be\/index.php\/wp-json\/wp\/v2\/media?parent=46"}],"curies":[{"name":"wp","href":"https:\/\/api.w.org\/{rel}","templated":true}]}}